{"id":503,"date":"2017-04-27T18:37:52","date_gmt":"2017-04-27T16:37:52","guid":{"rendered":"https:\/\/landladies.de\/sorten\/"},"modified":"2018-08-16T17:55:08","modified_gmt":"2018-08-16T15:55:08","slug":"varietes","status":"publish","type":"page","link":"https:\/\/landladies.de\/fr\/varietes\/","title":{"rendered":"Vari\u00e9t\u00e9s"},"content":{"rendered":"<section class=\"main-white\">\n<div class=\"inner\">\n<div class=\"uk-container uk-container-small uk-text-center\">\n<div class=\"uk-grid uk-child-width-1-2@s rw-grid-margin\">\n<div class=\"sortiment_einleitung\" uk-scrollspy=\"cls: uk-animation-slide-left;\">\n<p><img decoding=\"async\" src=\"https:\/\/landladies.de\/data\/2018\/08\/Faehnchen_Sortiment_FR.png\"><\/p>\n<p class=\"schmaler\">Nos Abelias sont disponible en de nombreuses tailles.<\/p>\n<p class=\"schmaler\">D\u2019une taille tr\u00e8s petite \u00e0 tr\u00e8s grande. D\u2019un blancheur discr\u00e8te au rose vif.<\/p>\n<p class=\"schmaler\">Chacun peut trouver ce qu\u2019il cherche.<\/p>\n<\/div>\n<div uk-scrollspy=\"cls: uk-animation-slide-right;\"><img decoding=\"async\" src=\"https:\/\/landladies.de\/data\/2017\/04\/Klein_Gross_Fotos.png\"><\/div>\n<\/div>\n<p uk-scrollspy=\"cls: uk-animation-slide-bottom; offset-top: -300\"><picture>\n<!--[if IE 9]><video style=\"display: none;\"><![endif]--><source srcset=\"https:\/\/landladies.de\/data\/2018\/08\/Sortiment_100ProStyle_FR.jpg\" media=\"(min-width: 640px)\"><source srcset=\"https:\/\/landladies.de\/data\/2018\/08\/Sortiment_100ProStyle_FR.jpg\" media=\"(min-width: 1px)\"><!--[if IE 9]><\/video><![endif]--><br \/>\n<img alt=\"\u2026\">\n<\/picture><\/p>\n<\/div>\n<\/div>\n<\/section>\n","protected":false},"excerpt":{"rendered":"<p>Nos Abelias sont disponible en de nombreuses tailles. D\u2019une taille tr\u00e8s petite \u00e0 tr\u00e8s grande. D\u2019un blancheur discr\u00e8te au rose<\/p>\n","protected":false},"author":1,"featured_media":0,"parent":0,"menu_order":3,"comment_status":"closed","ping_status":"closed","template":"page_template_sortiment.php","meta":[],"acf":[],"_links":{"self":[{"href":"https:\/\/landladies.de\/fr\/wp-json\/wp\/v2\/pages\/503"}],"collection":[{"href":"https:\/\/landladies.de\/fr\/wp-json\/wp\/v2\/pages"}],"about":[{"href":"https:\/\/landladies.de\/fr\/wp-json\/wp\/v2\/types\/page"}],"author":[{"embeddable":true,"href":"https:\/\/landladies.de\/fr\/wp-json\/wp\/v2\/users\/1"}],"replies":[{"embeddable":true,"href":"https:\/\/landladies.de\/fr\/wp-json\/wp\/v2\/comments?post=503"}],"version-history":[{"count":5,"href":"https:\/\/landladies.de\/fr\/wp-json\/wp\/v2\/pages\/503\/revisions"}],"predecessor-version":[{"id":747,"href":"https:\/\/landladies.de\/fr\/wp-json\/wp\/v2\/pages\/503\/revisions\/747"}],"wp:attachment":[{"href":"https:\/\/landladies.de\/fr\/wp-json\/wp\/v2\/media?parent=503"}],"curies":[{"name":"wp","href":"https:\/\/api.w.org\/{rel}","templated":true}]}}