{"id":574,"date":"2017-04-27T18:38:51","date_gmt":"2017-04-27T16:38:51","guid":{"rendered":"https:\/\/landladies.de\/pflege\/"},"modified":"2018-08-16T17:57:11","modified_gmt":"2018-08-16T15:57:11","slug":"soin-et-entretien","status":"publish","type":"page","link":"https:\/\/landladies.de\/fr\/soin-et-entretien\/","title":{"rendered":"Soin et entretien"},"content":{"rendered":"<section class=\"main-white\">\n<div class=\"inner\">\n<div class=\"uk-container uk-container-small uk-text-center\">\n<p><img decoding=\"async\" src=\"https:\/\/landladies.de\/data\/2018\/08\/Faehnchen_Pfelegetipps_FR.png\"><\/p>\n<div id=\"pflege-block\">\n<p id=\"sonne\" class=\"pflege-img-p\"><img decoding=\"async\" src=\"https:\/\/landladies.de\/data\/2017\/04\/Sonne.png\"><\/p>\n<p id=\"pflege-text-p-1\" class=\"pflege-text-p\">L&rsquo;Abelia aime les milieux <span class=\"umbruch\"><br \/><\/span>chauds. Donc un  <span class=\"umbruch\"><br \/><\/span>emplacement ensoleill\u00e9 <span class=\"umbruch\"><br \/><\/span>est important.<\/p>\n<p id=\"button_giesskanne\" class=\"pflege-img-p\"><img decoding=\"async\" src=\"https:\/\/landladies.de\/data\/2017\/04\/Button_Giesskanne.png\"><\/p>\n<p id=\"pflege-text-p-2\" class=\"pflege-text-p\">Arrossage mod\u00e9r\u00e9, surtout pendant <span class=\"umbruch\"><br \/><\/span> les mois les plus chauds de <span class=\"umbruch\"><br \/><\/span>l&rsquo;ann\u00e9e. Eviter l&rsquo;eau stagnante.<\/p>\n<p id=\"schnee\" class=\"pflege-img-p\"><img decoding=\"async\" src=\"https:\/\/landladies.de\/data\/2017\/04\/Schnee.png\"><\/p>\n<p id=\"pflege-text-p-3\" class=\"pflege-text-p\">Si l&rsquo;Abelia est plac\u00e9e <span class=\"umbruch\"><br \/><\/span>dans un endroit prot\u00e9g\u00e9, <span class=\"umbruch\"><br \/><\/span>elle pourra r\u00e9sister \u00e0 une <span class=\"umbruch\"><br \/>temp\u00e9rature jusqu\u2019\u00e0 -15\u00b0C.<\/p>\n<p id=\"wuchshoehe\" class=\"pflege-img-p\"><img decoding=\"async\" src=\"https:\/\/landladies.de\/data\/2017\/04\/Wuchshoehe.png\"><\/p>\n<p id=\"pflege-text-p-4\" class=\"pflege-text-p\">50 &#8211; 150 cm<\/p>\n<p id=\"schere\" class=\"pflege-img-p\"><img decoding=\"async\" src=\"https:\/\/landladies.de\/data\/2017\/04\/Schere.png\"><\/p>\n<p id=\"pflege-text-p-5\" class=\"pflege-text-p\">L&rsquo;Abelia se ramifie suffisamment <span class=\"umbruch\"><br \/><\/span>d\u2019elle-m\u00eame. Une seule taille <span class=\"umbruch\"><br \/><\/span>de forme au tout d\u00e9but du<span class=\"umbruch\"><br \/><\/span>printemps est suffisante.<\/p>\n<p id=\"pflege-pfeil1\" class=\"pflege-pfeil\"><img decoding=\"async\" src=\"https:\/\/landladies.de\/data\/2017\/04\/Pfeil1.png\"><\/p>\n<p id=\"pflege-pfeil2\" class=\"pflege-pfeil\"><img decoding=\"async\" src=\"https:\/\/landladies.de\/data\/2017\/04\/Pfeil2.png\"><\/p>\n<p id=\"schaufel\" class=\"pflege-img-p\"><img decoding=\"async\" src=\"https:\/\/landladies.de\/data\/2017\/04\/Schaufel.png\"><\/p>\n<\/div>\n<\/div>\n<\/div>\n<\/section>\n","protected":false},"excerpt":{"rendered":"<p>L&rsquo;Abelia aime les milieux chauds. Donc un emplacement ensoleill\u00e9 est important. Arrossage mod\u00e9r\u00e9, surtout pendant les mois les plus chauds<\/p>\n","protected":false},"author":1,"featured_media":0,"parent":0,"menu_order":4,"comment_status":"closed","ping_status":"closed","template":"page_template_full.php","meta":[],"acf":[],"_links":{"self":[{"href":"https:\/\/landladies.de\/fr\/wp-json\/wp\/v2\/pages\/574"}],"collection":[{"href":"https:\/\/landladies.de\/fr\/wp-json\/wp\/v2\/pages"}],"about":[{"href":"https:\/\/landladies.de\/fr\/wp-json\/wp\/v2\/types\/page"}],"author":[{"embeddable":true,"href":"https:\/\/landladies.de\/fr\/wp-json\/wp\/v2\/users\/1"}],"replies":[{"embeddable":true,"href":"https:\/\/landladies.de\/fr\/wp-json\/wp\/v2\/comments?post=574"}],"version-history":[{"count":9,"href":"https:\/\/landladies.de\/fr\/wp-json\/wp\/v2\/pages\/574\/revisions"}],"predecessor-version":[{"id":750,"href":"https:\/\/landladies.de\/fr\/wp-json\/wp\/v2\/pages\/574\/revisions\/750"}],"wp:attachment":[{"href":"https:\/\/landladies.de\/fr\/wp-json\/wp\/v2\/media?parent=574"}],"curies":[{"name":"wp","href":"https:\/\/api.w.org\/{rel}","templated":true}]}}