{"id":584,"date":"2017-04-27T17:47:25","date_gmt":"2017-04-27T15:47:25","guid":{"rendered":"https:\/\/landladies.de\/start\/"},"modified":"2018-08-16T16:51:42","modified_gmt":"2018-08-16T14:51:42","slug":"start","status":"publish","type":"page","link":"https:\/\/landladies.de\/fr\/","title":{"rendered":"Start"},"content":{"rendered":"<section class=\"main\">\n<div class=\"uk-container uk-container-small uk-text-center\">\n<p><img decoding=\"async\" src=\"https:\/\/landladies.de\/data\/2018\/08\/start_fr.png\"><\/p>\n<p uk-scrollspy=\"cls: uk-animation-slide-bottom; offset-top: -150\"><img decoding=\"async\" src=\"https:\/\/landladies.de\/data\/2017\/04\/Bildercollage.png\"><\/p>\n<\/div>\n<\/section>\n<section class=\"main-white upper\">\n<div class=\"inner\">\n<div class=\"uk-container uk-container-small uk-text-center\">\n<p>Les Abelias \u00ab\u00a0Landladies\u00a0\u00bb font de chaque jardin un tr\u00e9sor. Elles sont un bon choix &#8211; si vous cherchez des plantes sp\u00e9ciales. Elles remettent votre jardin au gout du jour avec ses couleurs vives et sa v\u00e9g\u00e9tation de caract\u00e8re.<\/p>\n<p>Le style qui convient \u00e0 votre jardin!<\/p>\n<\/div>\n<\/div>\n<\/section>\n<section class=\"uk-position-relative\">  <div class=\"uk-container uk-container-small uk-text-center uk-margin-top\">    <div class=\"uk-grid uk-grid-match\">      <div class=\"newsitem uk-width-1-3@s uk-margin-bottom\">        <a class=\"inner\" href=\"https:\/\/landladies.de\/fr\/the-landladies-new-look\/\">          <img width=\"400\" height=\"400\" src=\"https:\/\/landladies.de\/data\/2017\/05\/News_Keysersonline-400x400.jpg\" class=\"attachment-featured-quad size-featured-quad wp-post-image\" alt=\"\" decoding=\"async\" loading=\"lazy\" srcset=\"https:\/\/landladies.de\/data\/2017\/05\/News_Keysersonline-400x400.jpg 400w, https:\/\/landladies.de\/data\/2017\/05\/News_Keysersonline-150x150.jpg 150w, https:\/\/landladies.de\/data\/2017\/05\/News_Keysersonline-350x350.jpg 350w\" sizes=\"(max-width: 400px) 100vw, 400px\" \/>          <h3>Landladies au nouveau look<\/h3>        <\/a>      <\/div>      <div class=\"newsitem uk-width-1-3@s uk-margin-bottom\">        <a class=\"inner\" href=\"https:\/\/landladies.de\/fr\/bon-tuyau-nos-nouveautes-2017\/\">          <img width=\"400\" height=\"400\" src=\"https:\/\/landladies.de\/data\/2017\/04\/News_HeisserTipp-400x400.jpg\" class=\"attachment-featured-quad size-featured-quad wp-post-image\" alt=\"\" decoding=\"async\" loading=\"lazy\" srcset=\"https:\/\/landladies.de\/data\/2017\/04\/News_HeisserTipp-400x400.jpg 400w, https:\/\/landladies.de\/data\/2017\/04\/News_HeisserTipp-150x150.jpg 150w, https:\/\/landladies.de\/data\/2017\/04\/News_HeisserTipp-350x350.jpg 350w\" sizes=\"(max-width: 400px) 100vw, 400px\" \/>          <h3>Bon tuyau: Nos nouveaut\u00e9s 2017<\/h3>        <\/a>      <\/div>    <\/div>    <p><a class=\"makebig\" href=\"https:\/\/landladies.de\/fr\/news\/\"><img style=\"width: 60%;\" src=\"https:\/\/landladies.de\/wp-content\/themes\/keysers\/img\/Faehnchen_MehrNews_fr.png\"><\/a><\/p>  <\/div><\/section>\n<section class=\"girlande_zwischen\">\n<div class=\"inner\">\n<img decoding=\"async\" src=\"https:\/\/landladies.de\/data\/2017\/04\/Abelien_Girlande.png\">\n<\/div>\n<\/section>\n<section class=\"main-white\">\n<div class=\"inner\">\n<div class=\"uk-container uk-container-small uk-text-center\">\n<div class=\"uk-grid uk-flex-middle uk-child-width-1-2@s rw-grid-margin\">\n<div uk-scrollspy=\"cls: uk-animation-slide-left; offset-top: -150\"><img decoding=\"async\" src=\"https:\/\/landladies.de\/data\/2017\/04\/Teaserbild_Sortiment.png\"><\/div>\n<div uk-scrollspy=\"cls: uk-animation-slide-right; offset-top: -150\">\n<h3 style=\"text-transform:uppercase;\">D\u00e9couvrez notre assortiment d&rsquo;Abelia<\/h3>\n<p>Connaissez-vous nos diff\u00e9rentes vari\u00e9t\u00e9s d&rsquo;Abelia? Ici chacun trouvera ce qui lui convient.<\/p>\n<p><a href=\"https:\/\/landladies.de\/fr\/varietes\/\" class=\"mehr_button\"><img decoding=\"async\" src=\"https:\/\/landladies.de\/data\/2018\/08\/Button_Mehr_FR.png\"><\/a><\/p>\n<\/div>\n<div  uk-scrollspy=\"cls: uk-animation-slide-left; offset-top: -150\">\n<div class=\"uk-hidden@s\"><img decoding=\"async\" src=\"https:\/\/landladies.de\/data\/2017\/04\/Teaserbild_Pflege.png\"><\/div>\n<h3 style=\"text-transform:uppercase;\">Bien entretenir ses Abelias<\/h3>\n<p>Le bon entretien est aussi important pour les Abelias. Planter, tailler, arroser: D\u00e9couvrez ici comment il faut faire.<\/p>\n<p><a href=\"https:\/\/landladies.de\/fr\/soin-et-entretien\/\" class=\"mehr_button\"><img decoding=\"async\" src=\"https:\/\/landladies.de\/data\/2018\/08\/Button_Mehr_FR.png\"><\/a><\/p>\n<\/div>\n<div class=\"uk-visible@s\"  uk-scrollspy=\"cls: uk-animation-slide-right; offset-top: -150\"><img decoding=\"async\" src=\"https:\/\/landladies.de\/data\/2017\/04\/Teaserbild_Pflege.png\"><\/div>\n<div uk-scrollspy=\"cls: uk-animation-slide-left; offset-top: -150\"><img decoding=\"async\" src=\"https:\/\/landladies.de\/data\/2017\/04\/Teaserbild_Zuechter.png\"><\/div>\n<div uk-scrollspy=\"cls: uk-animation-slide-right; offset-top: -150\">\n<h3 style=\"text-transform:uppercase;\">Keysers horticulture se pr\u00e9sente<\/h3>\n<p>D\u2019o\u00f9 viennent ces vari\u00e9t\u00e9s magnifiques? Keysers horticulture investit tout son savoir-faire dans ces magnifiques plantes.<\/p>\n<p><a href=\"https:\/\/landladies.de\/fr\/producteur\/\" class=\"mehr_button\"><img decoding=\"async\" src=\"https:\/\/landladies.de\/data\/2018\/08\/Button_Mehr_FR.png\"><\/a><\/p>\n<\/div>\n<\/div>\n<\/div>\n<\/div>\n<\/section>\n","protected":false},"excerpt":{"rendered":"<p>Les Abelias \u00ab\u00a0Landladies\u00a0\u00bb font de chaque jardin un tr\u00e9sor. Elles sont un bon choix &#8211; si vous cherchez des plantes<\/p>\n","protected":false},"author":1,"featured_media":0,"parent":0,"menu_order":1,"comment_status":"closed","ping_status":"closed","template":"page_template_full.php","meta":[],"acf":[],"_links":{"self":[{"href":"https:\/\/landladies.de\/fr\/wp-json\/wp\/v2\/pages\/584"}],"collection":[{"href":"https:\/\/landladies.de\/fr\/wp-json\/wp\/v2\/pages"}],"about":[{"href":"https:\/\/landladies.de\/fr\/wp-json\/wp\/v2\/types\/page"}],"author":[{"embeddable":true,"href":"https:\/\/landladies.de\/fr\/wp-json\/wp\/v2\/users\/1"}],"replies":[{"embeddable":true,"href":"https:\/\/landladies.de\/fr\/wp-json\/wp\/v2\/comments?post=584"}],"version-history":[{"count":3,"href":"https:\/\/landladies.de\/fr\/wp-json\/wp\/v2\/pages\/584\/revisions"}],"predecessor-version":[{"id":719,"href":"https:\/\/landladies.de\/fr\/wp-json\/wp\/v2\/pages\/584\/revisions\/719"}],"wp:attachment":[{"href":"https:\/\/landladies.de\/fr\/wp-json\/wp\/v2\/media?parent=584"}],"curies":[{"name":"wp","href":"https:\/\/api.w.org\/{rel}","templated":true}]}}