{"id":609,"date":"2017-04-27T18:41:08","date_gmt":"2017-04-27T16:41:08","guid":{"rendered":"https:\/\/landladies.de\/zuechter\/"},"modified":"2018-08-16T14:07:05","modified_gmt":"2018-08-16T12:07:05","slug":"producteur","status":"publish","type":"page","link":"https:\/\/landladies.de\/fr\/producteur\/","title":{"rendered":"Producteur"},"content":{"rendered":"<section class=\"main-white\">\n<div class=\"inner\">\n<div class=\"uk-container uk-container-small uk-text-center\">\n<div class=\"zuechter-block\">\n<div class=\"uk-grid uk-flex-bottom\">\n<div class=\"logo-keysers uk-hidden@s uk-width-1-3@s\">\n<p><img decoding=\"async\" src=\"https:\/\/landladies.de\/data\/2017\/04\/Logo_Keysers.png\" \/><\/p>\n<\/div>\n<div class=\"uk-width-2-3@s\">\n<h2 class=\"rw-zitat\">\u201eNotre nom est<br \/>\nune garantie de qualit\u00e9.\u201c<\/h2>\n<\/div>\n<div class=\"uk-width-1-3@s uk-visible@s\">\n<p><img decoding=\"async\" src=\"https:\/\/landladies.de\/data\/2017\/04\/Logo_Keysers.png\" \/><\/p>\n<\/div>\n<\/div>\n<\/div>\n<p>Horticulture Keysers se trouve au coeur du Bas-Rhin \u00e0 Kevelaer. Klemens Keysers et sa fille Lena Keysers dirigent l\u2019entreprise de la troisi\u00e8me g\u00e9n\u00e9ration.<\/p>\n<p>Toutes les Abelias sont produit en Allemagne, la garantie d\u2019une qualit\u00e9 excellente. De la taille de la bouture \u00e0 la vente de la plante, elles restents entre les m\u00eames mains.<\/p>\n<p>Dans le coeur des ab\u00e9lias coulent tout le d\u00e9vouement de la famille Keysers.<\/p>\n<p class=\"uk-margin-large-top\"><img decoding=\"async\" loading=\"lazy\" src=\"https:\/\/landladies.de\/data\/2018\/08\/Sortiment_Abelien_Experts_FR.jpg\" alt=\"\" width=\"770\" height=\"482\" class=\"alignnone size-full wp-image-619\" srcset=\"https:\/\/landladies.de\/data\/2018\/08\/Sortiment_Abelien_Experts_FR.jpg 770w, https:\/\/landladies.de\/data\/2018\/08\/Sortiment_Abelien_Experts_FR-300x188.jpg 300w, https:\/\/landladies.de\/data\/2018\/08\/Sortiment_Abelien_Experts_FR-768x481.jpg 768w, https:\/\/landladies.de\/data\/2018\/08\/Sortiment_Abelien_Experts_FR-510x319.jpg 510w\" sizes=\"(max-width: 770px) 100vw, 770px\" \/><\/p>\n<p><img decoding=\"async\" loading=\"lazy\" class=\"alignnone wp-image-225 size-full\" src=\"https:\/\/landladies.de\/data\/2017\/04\/Fotos_unten-1.png\" alt=\"\" width=\"780\" height=\"355\" srcset=\"https:\/\/landladies.de\/data\/2017\/04\/Fotos_unten-1.png 780w, https:\/\/landladies.de\/data\/2017\/04\/Fotos_unten-1-300x137.png 300w, https:\/\/landladies.de\/data\/2017\/04\/Fotos_unten-1-768x350.png 768w, https:\/\/landladies.de\/data\/2017\/04\/Fotos_unten-1-510x232.png 510w\" sizes=\"(max-width: 780px) 100vw, 780px\" \/><\/p>\n<\/div>\n<\/div>\n<\/section>\n","protected":false},"excerpt":{"rendered":"<p>\u201eNotre nom est une garantie de qualit\u00e9.\u201c Horticulture Keysers se trouve au coeur du Bas-Rhin \u00e0 Kevelaer. Klemens Keysers et<\/p>\n","protected":false},"author":1,"featured_media":0,"parent":0,"menu_order":5,"comment_status":"closed","ping_status":"closed","template":"page_template_full.php","meta":[],"acf":[],"_links":{"self":[{"href":"https:\/\/landladies.de\/fr\/wp-json\/wp\/v2\/pages\/609"}],"collection":[{"href":"https:\/\/landladies.de\/fr\/wp-json\/wp\/v2\/pages"}],"about":[{"href":"https:\/\/landladies.de\/fr\/wp-json\/wp\/v2\/types\/page"}],"author":[{"embeddable":true,"href":"https:\/\/landladies.de\/fr\/wp-json\/wp\/v2\/users\/1"}],"replies":[{"embeddable":true,"href":"https:\/\/landladies.de\/fr\/wp-json\/wp\/v2\/comments?post=609"}],"version-history":[{"count":2,"href":"https:\/\/landladies.de\/fr\/wp-json\/wp\/v2\/pages\/609\/revisions"}],"predecessor-version":[{"id":623,"href":"https:\/\/landladies.de\/fr\/wp-json\/wp\/v2\/pages\/609\/revisions\/623"}],"wp:attachment":[{"href":"https:\/\/landladies.de\/fr\/wp-json\/wp\/v2\/media?parent=609"}],"curies":[{"name":"wp","href":"https:\/\/api.w.org\/{rel}","templated":true}]}}