{"id":631,"date":"2017-04-28T09:44:46","date_gmt":"2017-04-28T07:44:46","guid":{"rendered":"https:\/\/landladies.de\/kontakt\/"},"modified":"2018-08-16T14:16:54","modified_gmt":"2018-08-16T12:16:54","slug":"contact","status":"publish","type":"page","link":"https:\/\/landladies.de\/fr\/contact\/","title":{"rendered":"Contact"},"content":{"rendered":"<h1>Contact<\/h1>\n<p><strong>Keysers Gartenbau<\/strong><br \/>\nWalbecker Dyck 2<br \/>\n47625 Kevelaer<\/p>\n<p>t\u00e9l\u00e9phone +49 (0) 173 . 54 06 062<br \/>\nt\u00e9l\u00e9fax +49 (0) 28 32 . 40 53 46<\/p>\n<p><a href=\"mailto:info@landladies.de\">info@landladies.de<\/a><\/p>\n<h2>Pour le client final<\/h2>\n<p>Nous vous prions de bien comprendre que nous ne livrons que aux commerces sp\u00e9cialis\u00e9s et que nous ne proposons pas de vente au d\u00e9tail. Les Landladies ne sont disponible qu&rsquo;en commerce sp\u00e9cialis\u00e9.<\/p>\n","protected":false},"excerpt":{"rendered":"<p>Contact Keysers Gartenbau Walbecker Dyck 2 47625 Kevelaer t\u00e9l\u00e9phone +49 (0) 173 . 54 06 062 t\u00e9l\u00e9fax +49 (0) 28<\/p>\n","protected":false},"author":1,"featured_media":0,"parent":0,"menu_order":7,"comment_status":"closed","ping_status":"closed","template":"","meta":[],"acf":[],"_links":{"self":[{"href":"https:\/\/landladies.de\/fr\/wp-json\/wp\/v2\/pages\/631"}],"collection":[{"href":"https:\/\/landladies.de\/fr\/wp-json\/wp\/v2\/pages"}],"about":[{"href":"https:\/\/landladies.de\/fr\/wp-json\/wp\/v2\/types\/page"}],"author":[{"embeddable":true,"href":"https:\/\/landladies.de\/fr\/wp-json\/wp\/v2\/users\/1"}],"replies":[{"embeddable":true,"href":"https:\/\/landladies.de\/fr\/wp-json\/wp\/v2\/comments?post=631"}],"version-history":[{"count":4,"href":"https:\/\/landladies.de\/fr\/wp-json\/wp\/v2\/pages\/631\/revisions"}],"predecessor-version":[{"id":637,"href":"https:\/\/landladies.de\/fr\/wp-json\/wp\/v2\/pages\/631\/revisions\/637"}],"wp:attachment":[{"href":"https:\/\/landladies.de\/fr\/wp-json\/wp\/v2\/media?parent=631"}],"curies":[{"name":"wp","href":"https:\/\/api.w.org\/{rel}","templated":true}]}}